{"id":20,"date":"2021-07-08T09:01:24","date_gmt":"2021-07-08T07:01:24","guid":{"rendered":"http:\/\/mike.dieschumanns.net\/?page_id=20"},"modified":"2021-09-10T13:33:54","modified_gmt":"2021-09-10T11:33:54","slug":"home","status":"publish","type":"page","link":"https:\/\/mike.dieschumanns.net\/","title":{"rendered":"Home"},"content":{"rendered":"\n<p class=\"has-large-font-size\">Willkommen auf meiner Seite!<\/p>\n\n\n\n<p>Hier werde ich in unregelm\u00e4\u00dfigen Abst\u00e4nden <a href=\"\/?page_id=21\">Blog-Posts<\/a> erstellen. &#8211; Mal schauen, wo das hinf\u00fchrt! \ud83d\ude09<\/p>\n\n\n\n<p>Meine letzten Blog-Posts:<\/p>\n\n\n<ul class=\"wp-block-latest-posts__list wp-block-latest-posts\"><li><a class=\"wp-block-latest-posts__post-title\" href=\"https:\/\/mike.dieschumanns.net\/?p=69\">HTTPS-Redirect f\u00fcr Synology DiskStation konfigurieren<\/a><\/li>\n<li><a class=\"wp-block-latest-posts__post-title\" href=\"https:\/\/mike.dieschumanns.net\/?p=64\">Root-Verzeichnis der Synology WebStation \u00e4ndern<\/a><\/li>\n<li><a class=\"wp-block-latest-posts__post-title\" href=\"https:\/\/mike.dieschumanns.net\/?p=58\">rsync auf WD My Cloud aktivieren<\/a><\/li>\n<\/ul>","protected":false},"excerpt":{"rendered":"<p>Willkommen auf meiner Seite! Hier werde ich in unregelm\u00e4\u00dfigen Abst\u00e4nden Blog-Posts erstellen. &#8211; Mal schauen, wo das hinf\u00fchrt! \ud83d\ude09 Meine letzten Blog-Posts:<\/p>\n","protected":false},"author":1,"featured_media":0,"parent":0,"menu_order":0,"comment_status":"closed","ping_status":"closed","template":"templates\/full-width.php","meta":{"footnotes":""},"class_list":["post-20","page","type-page","status-publish","hentry","entry"],"_links":{"self":[{"href":"https:\/\/mike.dieschumanns.net\/index.php?rest_route=\/wp\/v2\/pages\/20","targetHints":{"allow":["GET"]}}],"collection":[{"href":"https:\/\/mike.dieschumanns.net\/index.php?rest_route=\/wp\/v2\/pages"}],"about":[{"href":"https:\/\/mike.dieschumanns.net\/index.php?rest_route=\/wp\/v2\/types\/page"}],"author":[{"embeddable":true,"href":"https:\/\/mike.dieschumanns.net\/index.php?rest_route=\/wp\/v2\/users\/1"}],"replies":[{"embeddable":true,"href":"https:\/\/mike.dieschumanns.net\/index.php?rest_route=%2Fwp%2Fv2%2Fcomments&post=20"}],"version-history":[{"count":0,"href":"https:\/\/mike.dieschumanns.net\/index.php?rest_route=\/wp\/v2\/pages\/20\/revisions"}],"wp:attachment":[{"href":"https:\/\/mike.dieschumanns.net\/index.php?rest_route=%2Fwp%2Fv2%2Fmedia&parent=20"}],"curies":[{"name":"wp","href":"https:\/\/api.w.org\/{rel}","templated":true}]}}